{"id":5907,"date":"2022-03-23T19:39:20","date_gmt":"2022-03-23T18:39:20","guid":{"rendered":"https:\/\/walkthink.es\/portfolio\/"},"modified":"2023-09-22T12:10:55","modified_gmt":"2023-09-22T10:10:55","slug":"port-folio","status":"publish","type":"page","link":"https:\/\/walkthink.es\/en\/port-folio\/","title":{"rendered":"Portfolio"},"content":{"rendered":"\t\t<div data-elementor-type=\"wp-page\" data-elementor-id=\"5907\" class=\"elementor elementor-5907 elementor-333\">\n\t\t\t\t\t\t<section class=\"elementor-section elementor-top-section elementor-element elementor-element-b00db8f wrapper-wide elementor-section-boxed elementor-section-height-default elementor-section-height-default\" data-id=\"b00db8f\" data-element_type=\"section\" data-e-type=\"section\">\n\t\t\t\t\t\t<div class=\"elementor-container elementor-column-gap-default\">\n\t\t\t\t\t<div class=\"elementor-column elementor-col-50 elementor-top-column elementor-element elementor-element-5821af2\" data-id=\"5821af2\" data-element_type=\"column\" data-e-type=\"column\">\n\t\t\t<div class=\"elementor-widget-wrap elementor-element-populated\">\n\t\t\t\t\t\t<div class=\"elementor-element elementor-element-77af588 elementor-widget elementor-widget-aliothsingleproject\" data-id=\"77af588\" data-element_type=\"widget\" data-e-type=\"widget\" data-widget_type=\"aliothsingleproject.default\">\n\t\t\t\t<div class=\"elementor-widget-container\">\n\t\t\t\t\t\n\n<!--Alioth Single Project-->\n<div class=\"alioth-single-project\">\n\n    <!--Project URL--><a href=\"https:\/\/walkthink.es\/en\/portfolio\/upvers-new-goals\/\">\n\n        <!--Project Image-->\n        <div class=\"sw-image\">\n\n                            <video class=\"showcase-video\" src=\"https:\/\/walkthink.es\/wp-content\/uploads\/2023\/05\/upvers-video-cabecera.mp4\" autoplay=\"true\" loop=\"true\" muted=\"muted\" playsinline=\"true\" controlslist=\"nodownload\"><\/video>\n                \n\n            \n        <\/div>\n        <!--\/Project Image-->\n\n        <!--Project Details-->\n        <div class=\"sw-detail\">\n\n            <!--Project Title-->\n            <div class=\"sw-title\">UPVers, new goals<\/div>\n            <!--\/Project Title-->\n\n            <!--Project Category-->\n            <div class=\"sw-cat\"><span>Marketing &amp; Advertising<\/span><\/div>\n            <!--\/Project Category-->\n\n        <\/div>\n        <!--\/Project Details-->\n    <\/a>\n\n<\/div>\n<!--\/Alioth Single Project-->\n\n\n\t\t\t\t<\/div>\n\t\t\t\t<\/div>\n\t\t\t\t<div class=\"elementor-element elementor-element-1c91729 elementor-widget elementor-widget-aliothsingleproject\" data-id=\"1c91729\" data-element_type=\"widget\" data-e-type=\"widget\" data-widget_type=\"aliothsingleproject.default\">\n\t\t\t\t<div class=\"elementor-widget-container\">\n\t\t\t\t\t\n\n<!--Alioth Single Project-->\n<div class=\"alioth-single-project\">\n\n    <!--Project URL--><a href=\"https:\/\/walkthink.es\/en\/portfolio\/la-pajarita\/\">\n\n        <!--Project Image-->\n        <div class=\"sw-image\">\n\n            \n            <img decoding=\"async\" alt=\"\" src=\"https:\/\/walkthink.es\/wp-content\/uploads\/2022\/03\/wt-lapajarita-cabecera.jpg\">\n\n            \n        <\/div>\n        <!--\/Project Image-->\n\n        <!--Project Details-->\n        <div class=\"sw-detail\">\n\n            <!--Project Title-->\n            <div class=\"sw-title\">La Pajarita<\/div>\n            <!--\/Project Title-->\n\n            <!--Project Category-->\n            <div class=\"sw-cat\"><span>Branding &amp; Creativity<\/span><span>Communication &amp; Social Media<\/span><\/div>\n            <!--\/Project Category-->\n\n        <\/div>\n        <!--\/Project Details-->\n    <\/a>\n\n<\/div>\n<!--\/Alioth Single Project-->\n\n\n\t\t\t\t<\/div>\n\t\t\t\t<\/div>\n\t\t\t\t<div class=\"elementor-element elementor-element-79b8ddf elementor-widget elementor-widget-aliothsingleproject\" data-id=\"79b8ddf\" data-element_type=\"widget\" data-e-type=\"widget\" data-widget_type=\"aliothsingleproject.default\">\n\t\t\t\t<div class=\"elementor-widget-container\">\n\t\t\t\t\t\n\n<!--Alioth Single Project-->\n<div class=\"alioth-single-project\">\n\n    <!--Project URL--><a href=\"https:\/\/walkthink.es\/en\/portfolio\/destination-apturcv\/\">\n\n        <!--Project Image-->\n        <div class=\"sw-image\">\n\n            \n            <img decoding=\"async\" alt=\"\" src=\"https:\/\/walkthink.es\/wp-content\/uploads\/2022\/03\/wt-aptur-cabecera.jpg\">\n\n            \n        <\/div>\n        <!--\/Project Image-->\n\n        <!--Project Details-->\n        <div class=\"sw-detail\">\n\n            <!--Project Title-->\n            <div class=\"sw-title\">Destination ApturCV<\/div>\n            <!--\/Project Title-->\n\n            <!--Project Category-->\n            <div class=\"sw-cat\"><span>Branding &amp; Creativity<\/span><\/div>\n            <!--\/Project Category-->\n\n        <\/div>\n        <!--\/Project Details-->\n    <\/a>\n\n<\/div>\n<!--\/Alioth Single Project-->\n\n\n\t\t\t\t<\/div>\n\t\t\t\t<\/div>\n\t\t\t\t<div class=\"elementor-element elementor-element-215e82d elementor-widget elementor-widget-aliothsingleproject\" data-id=\"215e82d\" data-element_type=\"widget\" data-e-type=\"widget\" data-widget_type=\"aliothsingleproject.default\">\n\t\t\t\t<div class=\"elementor-widget-container\">\n\t\t\t\t\t\n\n<!--Alioth Single Project-->\n<div class=\"alioth-single-project\">\n\n    <!--Project URL--><a href=\"https:\/\/walkthink.es\/en\/portfolio\/esportsdata\/\">\n\n        <!--Project Image-->\n        <div class=\"sw-image\">\n\n            \n            <img decoding=\"async\" alt=\"\" src=\"https:\/\/walkthink.es\/wp-content\/uploads\/2023\/06\/wt-ESPORTSDATA-cabecera.jpg\">\n\n            \n        <\/div>\n        <!--\/Project Image-->\n\n        <!--Project Details-->\n        <div class=\"sw-detail\">\n\n            <!--Project Title-->\n            <div class=\"sw-title\">Esportsdata<\/div>\n            <!--\/Project Title-->\n\n            <!--Project Category-->\n            <div class=\"sw-cat\"><span>Branding &amp; Creativity<\/span><span>Communication &amp; Social Media<\/span><span>Marketing &amp; Advertising<\/span><\/div>\n            <!--\/Project Category-->\n\n        <\/div>\n        <!--\/Project Details-->\n    <\/a>\n\n<\/div>\n<!--\/Alioth Single Project-->\n\n\n\t\t\t\t<\/div>\n\t\t\t\t<\/div>\n\t\t\t\t\t<\/div>\n\t\t<\/div>\n\t\t\t\t<div class=\"elementor-column elementor-col-50 elementor-top-column elementor-element elementor-element-c30775a\" data-id=\"c30775a\" data-element_type=\"column\" data-e-type=\"column\">\n\t\t\t<div class=\"elementor-widget-wrap elementor-element-populated\">\n\t\t\t\t\t\t<div class=\"elementor-element elementor-element-51212e4 elementor-widget elementor-widget-aliothsingleproject\" data-id=\"51212e4\" data-element_type=\"widget\" data-e-type=\"widget\" data-widget_type=\"aliothsingleproject.default\">\n\t\t\t\t<div class=\"elementor-widget-container\">\n\t\t\t\t\t\n\n<!--Alioth Single Project-->\n<div class=\"alioth-single-project\">\n\n    <!--Project URL--><a href=\"https:\/\/walkthink.es\/en\/portfolio\/camino-de-la-vina\/\">\n\n        <!--Project Image-->\n        <div class=\"sw-image\">\n\n            \n            <img decoding=\"async\" alt=\"\" src=\"https:\/\/walkthink.es\/wp-content\/uploads\/2022\/03\/wt-lavina-cabecera.jpg\">\n\n            \n        <\/div>\n        <!--\/Project Image-->\n\n        <!--Project Details-->\n        <div class=\"sw-detail\">\n\n            <!--Project Title-->\n            <div class=\"sw-title\">Camino de La Vi\u00f1a<\/div>\n            <!--\/Project Title-->\n\n            <!--Project Category-->\n            <div class=\"sw-cat\"><span>Strategy and Business<\/span><\/div>\n            <!--\/Project Category-->\n\n        <\/div>\n        <!--\/Project Details-->\n    <\/a>\n\n<\/div>\n<!--\/Alioth Single Project-->\n\n\n\t\t\t\t<\/div>\n\t\t\t\t<\/div>\n\t\t\t\t<div class=\"elementor-element elementor-element-33b48f4 elementor-widget elementor-widget-aliothsingleproject\" data-id=\"33b48f4\" data-element_type=\"widget\" data-e-type=\"widget\" data-widget_type=\"aliothsingleproject.default\">\n\t\t\t\t<div class=\"elementor-widget-container\">\n\t\t\t\t\t\n\n<!--Alioth Single Project-->\n<div class=\"alioth-single-project\">\n\n    <!--Project URL--><a href=\"https:\/\/walkthink.es\/en\/portfolio\/norauto-road\/\">\n\n        <!--Project Image-->\n        <div class=\"sw-image\">\n\n            \n            <img decoding=\"async\" alt=\"\" src=\"https:\/\/walkthink.es\/wp-content\/uploads\/2022\/03\/wt-norauto-cabecera.jpg\">\n\n            \n        <\/div>\n        <!--\/Project Image-->\n\n        <!--Project Details-->\n        <div class=\"sw-detail\">\n\n            <!--Project Title-->\n            <div class=\"sw-title\">Norauto Road<\/div>\n            <!--\/Project Title-->\n\n            <!--Project Category-->\n            <div class=\"sw-cat\"><span>Branding &amp; Creativity<\/span><\/div>\n            <!--\/Project Category-->\n\n        <\/div>\n        <!--\/Project Details-->\n    <\/a>\n\n<\/div>\n<!--\/Alioth Single Project-->\n\n\n\t\t\t\t<\/div>\n\t\t\t\t<\/div>\n\t\t\t\t<div class=\"elementor-element elementor-element-01011ce elementor-widget elementor-widget-aliothsingleproject\" data-id=\"01011ce\" data-element_type=\"widget\" data-e-type=\"widget\" data-widget_type=\"aliothsingleproject.default\">\n\t\t\t\t<div class=\"elementor-widget-container\">\n\t\t\t\t\t\n\n<!--Alioth Single Project-->\n<div class=\"alioth-single-project\">\n\n    <!--Project URL--><a href=\"https:\/\/walkthink.es\/en\/portfolio\/thekilocollection\/\">\n\n        <!--Project Image-->\n        <div class=\"sw-image\">\n\n            \n            <img decoding=\"async\" alt=\"\" src=\"https:\/\/walkthink.es\/wp-content\/uploads\/2023\/06\/wt-thekilo-cabecera.jpg\">\n\n            \n        <\/div>\n        <!--\/Project Image-->\n\n        <!--Project Details-->\n        <div class=\"sw-detail\">\n\n            <!--Project Title-->\n            <div class=\"sw-title\">TheKiloCollection<\/div>\n            <!--\/Project Title-->\n\n            <!--Project Category-->\n            <div class=\"sw-cat\"><span>Branding &amp; Creativity<\/span><\/div>\n            <!--\/Project Category-->\n\n        <\/div>\n        <!--\/Project Details-->\n    <\/a>\n\n<\/div>\n<!--\/Alioth Single Project-->\n\n\n\t\t\t\t<\/div>\n\t\t\t\t<\/div>\n\t\t\t\t\t<\/div>\n\t\t<\/div>\n\t\t\t\t\t<\/div>\n\t\t<\/section>\n\t\t\t\t<\/div>\n\t\t","protected":false},"excerpt":{"rendered":"<p>UPVers, new goals Marketing &amp; Publicidad La Pajarita Branding &amp; CreatividadComunicaci\u00f3n &amp; Social Media Destination ApturCV Branding &amp; Creatividad Esportsdata Branding &amp; CreatividadComunicaci\u00f3n &amp; Social MediaMarketing &amp; Publicidad Camino de La Vi\u00f1a Estrategia &amp; Negocio Norauto Road Branding &amp; Creatividad TheKiloCollection Branding &amp; Creatividad<\/p>\n","protected":false},"author":4,"featured_media":0,"parent":0,"menu_order":0,"comment_status":"closed","ping_status":"closed","template":"","meta":{"_acf_changed":false,"footnotes":""},"class_list":["post-5907","page","type-page","status-publish","hentry"],"acf":[],"yoast_head":"<!-- This site is optimized with the Yoast SEO plugin v27.2 - https:\/\/yoast.com\/product\/yoast-seo-wordpress\/ -->\n<title>Portfolio | Walk[Think]<\/title>\n<meta name=\"robots\" content=\"index, follow, max-snippet:-1, max-image-preview:large, max-video-preview:-1\" \/>\n<link rel=\"canonical\" href=\"https:\/\/walkthink.es\/en\/port-folio\/\" \/>\n<meta property=\"og:locale\" content=\"en_US\" \/>\n<meta property=\"og:type\" content=\"article\" \/>\n<meta property=\"og:title\" content=\"Portfolio | Walk[Think]\" \/>\n<meta property=\"og:description\" content=\"UPVers, new goals Marketing &amp; Publicidad La Pajarita Branding &amp; CreatividadComunicaci\u00f3n &amp; Social Media Destination ApturCV Branding &amp; Creatividad Esportsdata Branding &amp; CreatividadComunicaci\u00f3n &amp; Social MediaMarketing &amp; Publicidad Camino de La Vi\u00f1a Estrategia &amp; Negocio Norauto Road Branding &amp; Creatividad TheKiloCollection Branding &amp; Creatividad\" \/>\n<meta property=\"og:url\" content=\"https:\/\/walkthink.es\/en\/port-folio\/\" \/>\n<meta property=\"og:site_name\" content=\"Walk[Think]\" \/>\n<meta property=\"article:modified_time\" content=\"2023-09-22T10:10:55+00:00\" \/>\n<meta property=\"og:image\" content=\"https:\/\/walkthink.es\/wp-content\/uploads\/2022\/03\/wt-lapajarita-cabecera.jpg\" \/>\n<meta name=\"twitter:card\" content=\"summary_large_image\" \/>\n<meta name=\"twitter:label1\" content=\"Est. reading time\" \/>\n\t<meta name=\"twitter:data1\" content=\"2 minutes\" \/>\n<script type=\"application\/ld+json\" class=\"yoast-schema-graph\">{\"@context\":\"https:\/\/schema.org\",\"@graph\":[{\"@type\":\"WebPage\",\"@id\":\"https:\/\/walkthink.es\/en\/port-folio\/\",\"url\":\"https:\/\/walkthink.es\/en\/port-folio\/\",\"name\":\"Portfolio | Walk[Think]\",\"isPartOf\":{\"@id\":\"https:\/\/walkthink.es\/en\/#website\"},\"primaryImageOfPage\":{\"@id\":\"https:\/\/walkthink.es\/en\/port-folio\/#primaryimage\"},\"image\":{\"@id\":\"https:\/\/walkthink.es\/en\/port-folio\/#primaryimage\"},\"thumbnailUrl\":\"https:\/\/walkthink.es\/wp-content\/uploads\/2022\/03\/wt-lapajarita-cabecera.jpg\",\"datePublished\":\"2022-03-23T18:39:20+00:00\",\"dateModified\":\"2023-09-22T10:10:55+00:00\",\"breadcrumb\":{\"@id\":\"https:\/\/walkthink.es\/en\/port-folio\/#breadcrumb\"},\"inLanguage\":\"en-US\",\"potentialAction\":[{\"@type\":\"ReadAction\",\"target\":[\"https:\/\/walkthink.es\/en\/port-folio\/\"]}]},{\"@type\":\"ImageObject\",\"inLanguage\":\"en-US\",\"@id\":\"https:\/\/walkthink.es\/en\/port-folio\/#primaryimage\",\"url\":\"https:\/\/walkthink.es\/wp-content\/uploads\/2022\/03\/wt-lapajarita-cabecera.jpg\",\"contentUrl\":\"https:\/\/walkthink.es\/wp-content\/uploads\/2022\/03\/wt-lapajarita-cabecera.jpg\"},{\"@type\":\"BreadcrumbList\",\"@id\":\"https:\/\/walkthink.es\/en\/port-folio\/#breadcrumb\",\"itemListElement\":[{\"@type\":\"ListItem\",\"position\":1,\"name\":\"Portada\",\"item\":\"https:\/\/walkthink.es\/en\/\"},{\"@type\":\"ListItem\",\"position\":2,\"name\":\"Portfolio\"}]},{\"@type\":\"WebSite\",\"@id\":\"https:\/\/walkthink.es\/en\/#website\",\"url\":\"https:\/\/walkthink.es\/en\/\",\"name\":\"Walk[Think]\",\"description\":\"Creative Business\",\"publisher\":{\"@id\":\"https:\/\/walkthink.es\/en\/#organization\"},\"potentialAction\":[{\"@type\":\"SearchAction\",\"target\":{\"@type\":\"EntryPoint\",\"urlTemplate\":\"https:\/\/walkthink.es\/en\/?s={search_term_string}\"},\"query-input\":{\"@type\":\"PropertyValueSpecification\",\"valueRequired\":true,\"valueName\":\"search_term_string\"}}],\"inLanguage\":\"en-US\"},{\"@type\":\"Organization\",\"@id\":\"https:\/\/walkthink.es\/en\/#organization\",\"name\":\"Walk[Think]\",\"url\":\"https:\/\/walkthink.es\/en\/\",\"logo\":{\"@type\":\"ImageObject\",\"inLanguage\":\"en-US\",\"@id\":\"https:\/\/walkthink.es\/en\/#\/schema\/logo\/image\/\",\"url\":\"https:\/\/walkthink.es\/wp-content\/uploads\/2023\/02\/cropped-favicon.png\",\"contentUrl\":\"https:\/\/walkthink.es\/wp-content\/uploads\/2023\/02\/cropped-favicon.png\",\"width\":512,\"height\":512,\"caption\":\"Walk[Think]\"},\"image\":{\"@id\":\"https:\/\/walkthink.es\/en\/#\/schema\/logo\/image\/\"}}]}<\/script>\n<!-- \/ Yoast SEO plugin. -->","yoast_head_json":{"title":"Portfolio | Walk[Think]","robots":{"index":"index","follow":"follow","max-snippet":"max-snippet:-1","max-image-preview":"max-image-preview:large","max-video-preview":"max-video-preview:-1"},"canonical":"https:\/\/walkthink.es\/en\/port-folio\/","og_locale":"en_US","og_type":"article","og_title":"Portfolio | Walk[Think]","og_description":"UPVers, new goals Marketing &amp; Publicidad La Pajarita Branding &amp; CreatividadComunicaci\u00f3n &amp; Social Media Destination ApturCV Branding &amp; Creatividad Esportsdata Branding &amp; CreatividadComunicaci\u00f3n &amp; Social MediaMarketing &amp; Publicidad Camino de La Vi\u00f1a Estrategia &amp; Negocio Norauto Road Branding &amp; Creatividad TheKiloCollection Branding &amp; Creatividad","og_url":"https:\/\/walkthink.es\/en\/port-folio\/","og_site_name":"Walk[Think]","article_modified_time":"2023-09-22T10:10:55+00:00","og_image":[{"url":"https:\/\/walkthink.es\/wp-content\/uploads\/2022\/03\/wt-lapajarita-cabecera.jpg","type":"","width":"","height":""}],"twitter_card":"summary_large_image","twitter_misc":{"Est. reading time":"2 minutes"},"schema":{"@context":"https:\/\/schema.org","@graph":[{"@type":"WebPage","@id":"https:\/\/walkthink.es\/en\/port-folio\/","url":"https:\/\/walkthink.es\/en\/port-folio\/","name":"Portfolio | Walk[Think]","isPartOf":{"@id":"https:\/\/walkthink.es\/en\/#website"},"primaryImageOfPage":{"@id":"https:\/\/walkthink.es\/en\/port-folio\/#primaryimage"},"image":{"@id":"https:\/\/walkthink.es\/en\/port-folio\/#primaryimage"},"thumbnailUrl":"https:\/\/walkthink.es\/wp-content\/uploads\/2022\/03\/wt-lapajarita-cabecera.jpg","datePublished":"2022-03-23T18:39:20+00:00","dateModified":"2023-09-22T10:10:55+00:00","breadcrumb":{"@id":"https:\/\/walkthink.es\/en\/port-folio\/#breadcrumb"},"inLanguage":"en-US","potentialAction":[{"@type":"ReadAction","target":["https:\/\/walkthink.es\/en\/port-folio\/"]}]},{"@type":"ImageObject","inLanguage":"en-US","@id":"https:\/\/walkthink.es\/en\/port-folio\/#primaryimage","url":"https:\/\/walkthink.es\/wp-content\/uploads\/2022\/03\/wt-lapajarita-cabecera.jpg","contentUrl":"https:\/\/walkthink.es\/wp-content\/uploads\/2022\/03\/wt-lapajarita-cabecera.jpg"},{"@type":"BreadcrumbList","@id":"https:\/\/walkthink.es\/en\/port-folio\/#breadcrumb","itemListElement":[{"@type":"ListItem","position":1,"name":"Portada","item":"https:\/\/walkthink.es\/en\/"},{"@type":"ListItem","position":2,"name":"Portfolio"}]},{"@type":"WebSite","@id":"https:\/\/walkthink.es\/en\/#website","url":"https:\/\/walkthink.es\/en\/","name":"Walk[Think]","description":"Creative Business","publisher":{"@id":"https:\/\/walkthink.es\/en\/#organization"},"potentialAction":[{"@type":"SearchAction","target":{"@type":"EntryPoint","urlTemplate":"https:\/\/walkthink.es\/en\/?s={search_term_string}"},"query-input":{"@type":"PropertyValueSpecification","valueRequired":true,"valueName":"search_term_string"}}],"inLanguage":"en-US"},{"@type":"Organization","@id":"https:\/\/walkthink.es\/en\/#organization","name":"Walk[Think]","url":"https:\/\/walkthink.es\/en\/","logo":{"@type":"ImageObject","inLanguage":"en-US","@id":"https:\/\/walkthink.es\/en\/#\/schema\/logo\/image\/","url":"https:\/\/walkthink.es\/wp-content\/uploads\/2023\/02\/cropped-favicon.png","contentUrl":"https:\/\/walkthink.es\/wp-content\/uploads\/2023\/02\/cropped-favicon.png","width":512,"height":512,"caption":"Walk[Think]"},"image":{"@id":"https:\/\/walkthink.es\/en\/#\/schema\/logo\/image\/"}}]}},"_links":{"self":[{"href":"https:\/\/walkthink.es\/en\/wp-json\/wp\/v2\/pages\/5907","targetHints":{"allow":["GET"]}}],"collection":[{"href":"https:\/\/walkthink.es\/en\/wp-json\/wp\/v2\/pages"}],"about":[{"href":"https:\/\/walkthink.es\/en\/wp-json\/wp\/v2\/types\/page"}],"author":[{"embeddable":true,"href":"https:\/\/walkthink.es\/en\/wp-json\/wp\/v2\/users\/4"}],"replies":[{"embeddable":true,"href":"https:\/\/walkthink.es\/en\/wp-json\/wp\/v2\/comments?post=5907"}],"version-history":[{"count":9,"href":"https:\/\/walkthink.es\/en\/wp-json\/wp\/v2\/pages\/5907\/revisions"}],"predecessor-version":[{"id":6212,"href":"https:\/\/walkthink.es\/en\/wp-json\/wp\/v2\/pages\/5907\/revisions\/6212"}],"wp:attachment":[{"href":"https:\/\/walkthink.es\/en\/wp-json\/wp\/v2\/media?parent=5907"}],"curies":[{"name":"wp","href":"https:\/\/api.w.org\/{rel}","templated":true}]}}