{"id":5917,"date":"2022-03-24T15:23:47","date_gmt":"2022-03-24T14:23:47","guid":{"rendered":"https:\/\/walkthink.es\/walkthink-news\/"},"modified":"2023-09-22T12:32:19","modified_gmt":"2023-09-22T10:32:19","slug":"walkthink-news","status":"publish","type":"page","link":"https:\/\/walkthink.es\/en\/walkthink-news\/","title":{"rendered":"walk[think] news"},"content":{"rendered":"\t\t<div data-elementor-type=\"wp-page\" data-elementor-id=\"5917\" class=\"elementor elementor-5917 elementor-444\">\n\t\t\t\t\t\t<section class=\"elementor-section elementor-top-section elementor-element elementor-element-49610ec wrapper-smaller elementor-section-boxed elementor-section-height-default elementor-section-height-default\" data-id=\"49610ec\" data-element_type=\"section\" data-e-type=\"section\">\n\t\t\t\t\t\t<div class=\"elementor-container elementor-column-gap-default\">\n\t\t\t\t\t<div class=\"elementor-column elementor-col-100 elementor-top-column elementor-element elementor-element-83dd6ab\" data-id=\"83dd6ab\" data-element_type=\"column\" data-e-type=\"column\">\n\t\t\t<div class=\"elementor-widget-wrap elementor-element-populated\">\n\t\t\t\t\t\t<div class=\"elementor-element elementor-element-8b63337 elementor-widget elementor-widget-aliothblog\" data-id=\"8b63337\" data-element_type=\"widget\" data-e-type=\"widget\" data-widget_type=\"aliothblog.default\">\n\t\t\t\t<div class=\"elementor-widget-container\">\n\t\t\t\t\t\n<!--Alioth Blog List-->\n<div class=\"alioth-blog blog-list\">\n\n    \n\n\n        <!--Blog Post-->\n    <div class=\"post alioth-post post-6339 type-post status-publish format-standard has-post-thumbnail hentry category-blog-en tag-blog-en tag-social-media-en tag-tourism-sector\">\n\n        \n\n        <!--Blog Post Image-->\n        <div class=\"post-image\">\n                         \n            <img decoding=\"async\" alt=\"\" src=\"https:\/\/walkthink.es\/wp-content\/uploads\/2023\/12\/a-young-woman-with-a-phone-photographs-nature-for-2023-11-27-05-01-17-utc-scaled.jpg\">\n\n        <\/div>\n        <!--\/Blog Post Image-->\n\n        \n\n\n        \n        <!--Blog Post Date-->\n        <div class=\"post-date\"><a href=\"https:\/\/walkthink.es\/en\/social-media-trends-in-the-tourism-sector-for-2024\/\" rel=\"bookmark\"><time class=\"entry-date published updated\" datetime=\"2024-01-04T10:33:22+01:00\">4 de January de 2024<\/time><\/a><\/div>\n        <!--\/Blog Post Date-->\n\n        \n        \n        <a href=\"https:\/\/walkthink.es\/en\/social-media-trends-in-the-tourism-sector-for-2024\/\">\n\n            <!--Blog Post Title-->\n            <div class=\"post-title\">\n\n                <h2>Social Media Trends in the tourism sector for 2024<\/h2>\n\n            <\/div>\n            <!--Blog Post Title-->\n\n            \n            <!--Blog Post Summary-->\n            <h5 class=\"post-summary\"> As every year, in December, new trend reports for the coming year start to emerge. If you are in the tourism sector, you will love this article. We tell you all the social media trend predictions for 2024. VERTICAL FORMATS Social networks with vertical formats in which content is created in a few seconds and [&hellip;]<\/h5>\n            <!--\/Blog Post Summary-->\n\n            \n        <\/a>\n\n    <\/div>\n    <!--\/Blog Post-->\n\n    \n\n    \n    \n\n\n        <!--Blog Post-->\n    <div class=\"post alioth-post post-5969 type-post status-publish format-standard has-post-thumbnail hentry category-blog-en tag-blog-en tag-design tag-exhibitions\">\n\n        \n\n        <!--Blog Post Image-->\n        <div class=\"post-image\">\n                         \n            <img decoding=\"async\" alt=\"\" src=\"https:\/\/walkthink.es\/wp-content\/uploads\/2023\/07\/1920X400-CABECERA-POST-EXPOS.jpg\">\n\n        <\/div>\n        <!--\/Blog Post Image-->\n\n        \n\n\n        \n        <!--Blog Post Date-->\n        <div class=\"post-date\"><a href=\"https:\/\/walkthink.es\/en\/exhibition-design-in-the-clock-building-a-long-road-with-great-results\/\" rel=\"bookmark\"><time class=\"entry-date published\" datetime=\"2023-07-20T09:22:54+02:00\">20 de July de 2023<\/time><time class=\"updated\" datetime=\"2023-09-18T10:01:22+02:00\">18 de September de 2023<\/time><\/a><\/div>\n        <!--\/Blog Post Date-->\n\n        \n        \n        <a href=\"https:\/\/walkthink.es\/en\/exhibition-design-in-the-clock-building-a-long-road-with-great-results\/\">\n\n            <!--Blog Post Title-->\n            <div class=\"post-title\">\n\n                <h2>Exhibition Design in the Clock Building. A long road with great results<\/h2>\n\n            <\/div>\n            <!--Blog Post Title-->\n\n            \n            <!--Blog Post Summary-->\n            <h5 class=\"post-summary\"> The design of exhibitions is a challenge that we have been facing for some years now and in which we are making a more and more interesting path. Our mantras when working on these projects are to surprise the public, proposing a strategic route and proposing new and striking supports that integrate with the materials [&hellip;]<\/h5>\n            <!--\/Blog Post Summary-->\n\n            \n        <\/a>\n\n    <\/div>\n    <!--\/Blog Post-->\n\n    \n\n    \n    \n\n\n        <!--Blog Post-->\n    <div class=\"post alioth-post post-5989 type-post status-publish format-standard has-post-thumbnail hentry category-blog-en\">\n\n        \n\n        <!--Blog Post Image-->\n        <div class=\"post-image\">\n                         \n            <img decoding=\"async\" alt=\"\" src=\"https:\/\/walkthink.es\/wp-content\/uploads\/2023\/06\/como-configurar-ga4.jpg\">\n\n        <\/div>\n        <!--\/Blog Post Image-->\n\n        \n\n\n        \n        <!--Blog Post Date-->\n        <div class=\"post-date\"><a href=\"https:\/\/walkthink.es\/en\/the-end-of-google-analytics-universal-wellcome-google-analytics-4\/\" rel=\"bookmark\"><time class=\"entry-date published\" datetime=\"2023-06-28T14:23:26+02:00\">28 de June de 2023<\/time><time class=\"updated\" datetime=\"2023-09-22T12:40:25+02:00\">22 de September de 2023<\/time><\/a><\/div>\n        <!--\/Blog Post Date-->\n\n        \n        \n        <a href=\"https:\/\/walkthink.es\/en\/the-end-of-google-analytics-universal-wellcome-google-analytics-4\/\">\n\n            <!--Blog Post Title-->\n            <div class=\"post-title\">\n\n                <h2>The End of Google Analytics Universal, Wellcome Google Analytics 4<\/h2>\n\n            <\/div>\n            <!--Blog Post Title-->\n\n            \n            <!--Blog Post Summary-->\n            <h5 class=\"post-summary\"> The time has come to say goodbye to Google Analytics Universal (UA)<\/h5>\n            <!--\/Blog Post Summary-->\n\n            \n        <\/a>\n\n    <\/div>\n    <!--\/Blog Post-->\n\n    \n\n    \n    \n\n\n        <!--Blog Post-->\n    <div class=\"post alioth-post post-5971 type-post status-publish format-standard has-post-thumbnail hentry category-blog-en\">\n\n        \n\n        <!--Blog Post Image-->\n        <div class=\"post-image\">\n                         \n            <img decoding=\"async\" alt=\"\" src=\"https:\/\/walkthink.es\/wp-content\/uploads\/2023\/06\/1920X400-CABECERA-EDUCAFESTIVAL.jpg\">\n\n        <\/div>\n        <!--\/Blog Post Image-->\n\n        \n\n\n        \n        <!--Blog Post Date-->\n        <div class=\"post-date\"><a href=\"https:\/\/walkthink.es\/en\/silver-owl-at-educafestival-with-alumni-upv\/\" rel=\"bookmark\"><time class=\"entry-date published\" datetime=\"2023-06-02T11:31:24+02:00\">2 de June de 2023<\/time><time class=\"updated\" datetime=\"2023-09-22T12:42:59+02:00\">22 de September de 2023<\/time><\/a><\/div>\n        <!--\/Blog Post Date-->\n\n        \n        \n        <a href=\"https:\/\/walkthink.es\/en\/silver-owl-at-educafestival-with-alumni-upv\/\">\n\n            <!--Blog Post Title-->\n            <div class=\"post-title\">\n\n                <h2>Silver Owl at Educafestival with Alumni UPV<\/h2>\n\n            <\/div>\n            <!--Blog Post Title-->\n\n            \n            <!--Blog Post Summary-->\n            <h5 class=\"post-summary\"> Seeking authentic influencers to highlight talent, attitude and motivation.<\/h5>\n            <!--\/Blog Post Summary-->\n\n            \n        <\/a>\n\n    <\/div>\n    <!--\/Blog Post-->\n\n    \n\n    \n    \n\n\n        <!--Blog Post-->\n    <div class=\"post alioth-post post-5970 type-post status-publish format-standard has-post-thumbnail hentry category-blog-en\">\n\n        \n\n        <!--Blog Post Image-->\n        <div class=\"post-image\">\n                         \n            <img decoding=\"async\" alt=\"\" src=\"https:\/\/walkthink.es\/wp-content\/uploads\/2023\/05\/wt-blog-upvers.jpg\">\n\n        <\/div>\n        <!--\/Blog Post Image-->\n\n        \n\n\n        \n        <!--Blog Post Date-->\n        <div class=\"post-date\"><a href=\"https:\/\/walkthink.es\/en\/upvers-real-influencers-a-comprehensive-campaign-for-upv-alumni\/\" rel=\"bookmark\"><time class=\"entry-date published\" datetime=\"2023-05-17T09:04:48+02:00\">17 de May de 2023<\/time><time class=\"updated\" datetime=\"2023-09-22T12:44:49+02:00\">22 de September de 2023<\/time><\/a><\/div>\n        <!--\/Blog Post Date-->\n\n        \n        \n        <a href=\"https:\/\/walkthink.es\/en\/upvers-real-influencers-a-comprehensive-campaign-for-upv-alumni\/\">\n\n            <!--Blog Post Title-->\n            <div class=\"post-title\">\n\n                <h2>UPVERS Real Influencers, a comprehensive campaign for UPV Alumni<\/h2>\n\n            <\/div>\n            <!--Blog Post Title-->\n\n            \n            <!--Blog Post Summary-->\n            <h5 class=\"post-summary\"> Seeking authentic influencers to highlight talent, attitude and motivation.<\/h5>\n            <!--\/Blog Post Summary-->\n\n            \n        <\/a>\n\n    <\/div>\n    <!--\/Blog Post-->\n\n    \n\n    \n    \n\n\n        <!--Blog Post-->\n    <div class=\"post alioth-post post-5964 type-post status-publish format-standard has-post-thumbnail hentry category-blog-en\">\n\n        \n\n        <!--Blog Post Image-->\n        <div class=\"post-image\">\n                         \n            <img decoding=\"async\" alt=\"\" src=\"https:\/\/walkthink.es\/wp-content\/uploads\/2023\/05\/wt-blog-clinica.jpg\">\n\n        <\/div>\n        <!--\/Blog Post Image-->\n\n        \n\n\n        \n        <!--Blog Post Date-->\n        <div class=\"post-date\"><a href=\"https:\/\/walkthink.es\/en\/healthcare-marketing-to-increase-patient-numbers\/\" rel=\"bookmark\"><time class=\"entry-date published\" datetime=\"2023-05-12T09:02:43+02:00\">12 de May de 2023<\/time><time class=\"updated\" datetime=\"2023-09-22T12:48:33+02:00\">22 de September de 2023<\/time><\/a><\/div>\n        <!--\/Blog Post Date-->\n\n        \n        \n        <a href=\"https:\/\/walkthink.es\/en\/healthcare-marketing-to-increase-patient-numbers\/\">\n\n            <!--Blog Post Title-->\n            <div class=\"post-title\">\n\n                <h2>Healthcare marketing to increase patient numbers<\/h2>\n\n            <\/div>\n            <!--Blog Post Title-->\n\n            \n            <!--Blog Post Summary-->\n            <h5 class=\"post-summary\"> Create your personal brand through a healthcare marketing strategy.<\/h5>\n            <!--\/Blog Post Summary-->\n\n            \n        <\/a>\n\n    <\/div>\n    <!--\/Blog Post-->\n\n    \n\n    \n    \n\n\n        <!--Blog Post-->\n    <div class=\"post alioth-post post-5963 type-post status-publish format-standard has-post-thumbnail hentry category-blog-en\">\n\n        \n\n        <!--Blog Post Image-->\n        <div class=\"post-image\">\n                         \n            <img decoding=\"async\" alt=\"\" src=\"https:\/\/walkthink.es\/wp-content\/uploads\/2023\/05\/wt-blog.esport.jpg\">\n\n        <\/div>\n        <!--\/Blog Post Image-->\n\n        \n\n\n        \n        <!--Blog Post Date-->\n        <div class=\"post-date\"><a href=\"https:\/\/walkthink.es\/en\/the-esports-sector-a-growing-entertainment-industry\/\" rel=\"bookmark\"><time class=\"entry-date published\" datetime=\"2023-05-02T09:00:03+02:00\">2 de May de 2023<\/time><time class=\"updated\" datetime=\"2023-09-22T12:51:24+02:00\">22 de September de 2023<\/time><\/a><\/div>\n        <!--\/Blog Post Date-->\n\n        \n        \n        <a href=\"https:\/\/walkthink.es\/en\/the-esports-sector-a-growing-entertainment-industry\/\">\n\n            <!--Blog Post Title-->\n            <div class=\"post-title\">\n\n                <h2>The eSports sector, a growing entertainment industry<\/h2>\n\n            <\/div>\n            <!--Blog Post Title-->\n\n            \n            <!--Blog Post Summary-->\n            <h5 class=\"post-summary\"> Esportia's website, trends, design and functionalities of the current gaming environment.<\/h5>\n            <!--\/Blog Post Summary-->\n\n            \n        <\/a>\n\n    <\/div>\n    <!--\/Blog Post-->\n\n    \n\n    \n    \n\n    <!--Post Images (Don't Touch)-->\n    <div class=\"post-images\"><\/div>\n    <!--\/Post Images (Don't Touch)-->\n\n<\/div>\n<!--\/Alioth Blog List-->\n\n\n\n\t\t\t\t<\/div>\n\t\t\t\t<\/div>\n\t\t\t\t\t<\/div>\n\t\t<\/div>\n\t\t\t\t\t<\/div>\n\t\t<\/section>\n\t\t\t\t<\/div>\n\t\t","protected":false},"excerpt":{"rendered":"<p>20 de julio de 202320 de julio de 2023 Dise\u00f1o de Exposiciones en el edificio del Reloj. Un largo camino con unos grandes resultados El dise\u00f1o de exposiciones es todo un reto en el que nos adentramos ya hace unos a\u00f1os y en el que vamos haciendo un camino cada vez m\u00e1s interesante. Sorprender al [&hellip;]<\/p>\n","protected":false},"author":4,"featured_media":0,"parent":0,"menu_order":0,"comment_status":"closed","ping_status":"closed","template":"","meta":{"_acf_changed":false,"footnotes":""},"class_list":["post-5917","page","type-page","status-publish","hentry"],"acf":[],"yoast_head":"<!-- This site is optimized with the Yoast SEO plugin v27.2 - https:\/\/yoast.com\/product\/yoast-seo-wordpress\/ -->\n<title>walk[think] news | Walk[Think]<\/title>\n<meta name=\"robots\" content=\"index, follow, max-snippet:-1, max-image-preview:large, max-video-preview:-1\" \/>\n<link rel=\"canonical\" href=\"https:\/\/walkthink.es\/en\/walkthink-news\/\" \/>\n<meta property=\"og:locale\" content=\"en_US\" \/>\n<meta property=\"og:type\" content=\"article\" \/>\n<meta property=\"og:title\" content=\"walk[think] news | Walk[Think]\" \/>\n<meta property=\"og:description\" content=\"20 de julio de 202320 de julio de 2023 Dise\u00f1o de Exposiciones en el edificio del Reloj. Un largo camino con unos grandes resultados El dise\u00f1o de exposiciones es todo un reto en el que nos adentramos ya hace unos a\u00f1os y en el que vamos haciendo un camino cada vez m\u00e1s interesante. Sorprender al [&hellip;]\" \/>\n<meta property=\"og:url\" content=\"https:\/\/walkthink.es\/en\/walkthink-news\/\" \/>\n<meta property=\"og:site_name\" content=\"Walk[Think]\" \/>\n<meta property=\"article:modified_time\" content=\"2023-09-22T10:32:19+00:00\" \/>\n<meta property=\"og:image\" content=\"https:\/\/walkthink.es\/wp-content\/uploads\/2023\/07\/1920X400-CABECERA-POST-EXPOS.jpg\" \/>\n<meta name=\"twitter:card\" content=\"summary_large_image\" \/>\n<meta name=\"twitter:label1\" content=\"Est. reading time\" \/>\n\t<meta name=\"twitter:data1\" content=\"2 minutes\" \/>\n<script type=\"application\/ld+json\" class=\"yoast-schema-graph\">{\"@context\":\"https:\/\/schema.org\",\"@graph\":[{\"@type\":\"WebPage\",\"@id\":\"https:\/\/walkthink.es\/en\/walkthink-news\/\",\"url\":\"https:\/\/walkthink.es\/en\/walkthink-news\/\",\"name\":\"walk[think] news | Walk[Think]\",\"isPartOf\":{\"@id\":\"https:\/\/walkthink.es\/en\/#website\"},\"primaryImageOfPage\":{\"@id\":\"https:\/\/walkthink.es\/en\/walkthink-news\/#primaryimage\"},\"image\":{\"@id\":\"https:\/\/walkthink.es\/en\/walkthink-news\/#primaryimage\"},\"thumbnailUrl\":\"https:\/\/walkthink.es\/wp-content\/uploads\/2023\/07\/1920X400-CABECERA-POST-EXPOS.jpg\",\"datePublished\":\"2022-03-24T14:23:47+00:00\",\"dateModified\":\"2023-09-22T10:32:19+00:00\",\"breadcrumb\":{\"@id\":\"https:\/\/walkthink.es\/en\/walkthink-news\/#breadcrumb\"},\"inLanguage\":\"en-US\",\"potentialAction\":[{\"@type\":\"ReadAction\",\"target\":[\"https:\/\/walkthink.es\/en\/walkthink-news\/\"]}]},{\"@type\":\"ImageObject\",\"inLanguage\":\"en-US\",\"@id\":\"https:\/\/walkthink.es\/en\/walkthink-news\/#primaryimage\",\"url\":\"https:\/\/walkthink.es\/wp-content\/uploads\/2023\/07\/1920X400-CABECERA-POST-EXPOS.jpg\",\"contentUrl\":\"https:\/\/walkthink.es\/wp-content\/uploads\/2023\/07\/1920X400-CABECERA-POST-EXPOS.jpg\"},{\"@type\":\"BreadcrumbList\",\"@id\":\"https:\/\/walkthink.es\/en\/walkthink-news\/#breadcrumb\",\"itemListElement\":[{\"@type\":\"ListItem\",\"position\":1,\"name\":\"Portada\",\"item\":\"https:\/\/walkthink.es\/en\/\"},{\"@type\":\"ListItem\",\"position\":2,\"name\":\"walk[think] news\"}]},{\"@type\":\"WebSite\",\"@id\":\"https:\/\/walkthink.es\/en\/#website\",\"url\":\"https:\/\/walkthink.es\/en\/\",\"name\":\"Walk[Think]\",\"description\":\"Creative Business\",\"publisher\":{\"@id\":\"https:\/\/walkthink.es\/en\/#organization\"},\"potentialAction\":[{\"@type\":\"SearchAction\",\"target\":{\"@type\":\"EntryPoint\",\"urlTemplate\":\"https:\/\/walkthink.es\/en\/?s={search_term_string}\"},\"query-input\":{\"@type\":\"PropertyValueSpecification\",\"valueRequired\":true,\"valueName\":\"search_term_string\"}}],\"inLanguage\":\"en-US\"},{\"@type\":\"Organization\",\"@id\":\"https:\/\/walkthink.es\/en\/#organization\",\"name\":\"Walk[Think]\",\"url\":\"https:\/\/walkthink.es\/en\/\",\"logo\":{\"@type\":\"ImageObject\",\"inLanguage\":\"en-US\",\"@id\":\"https:\/\/walkthink.es\/en\/#\/schema\/logo\/image\/\",\"url\":\"https:\/\/walkthink.es\/wp-content\/uploads\/2023\/02\/cropped-favicon.png\",\"contentUrl\":\"https:\/\/walkthink.es\/wp-content\/uploads\/2023\/02\/cropped-favicon.png\",\"width\":512,\"height\":512,\"caption\":\"Walk[Think]\"},\"image\":{\"@id\":\"https:\/\/walkthink.es\/en\/#\/schema\/logo\/image\/\"}}]}<\/script>\n<!-- \/ Yoast SEO plugin. -->","yoast_head_json":{"title":"walk[think] news | Walk[Think]","robots":{"index":"index","follow":"follow","max-snippet":"max-snippet:-1","max-image-preview":"max-image-preview:large","max-video-preview":"max-video-preview:-1"},"canonical":"https:\/\/walkthink.es\/en\/walkthink-news\/","og_locale":"en_US","og_type":"article","og_title":"walk[think] news | Walk[Think]","og_description":"20 de julio de 202320 de julio de 2023 Dise\u00f1o de Exposiciones en el edificio del Reloj. Un largo camino con unos grandes resultados El dise\u00f1o de exposiciones es todo un reto en el que nos adentramos ya hace unos a\u00f1os y en el que vamos haciendo un camino cada vez m\u00e1s interesante. Sorprender al [&hellip;]","og_url":"https:\/\/walkthink.es\/en\/walkthink-news\/","og_site_name":"Walk[Think]","article_modified_time":"2023-09-22T10:32:19+00:00","og_image":[{"url":"https:\/\/walkthink.es\/wp-content\/uploads\/2023\/07\/1920X400-CABECERA-POST-EXPOS.jpg","type":"","width":"","height":""}],"twitter_card":"summary_large_image","twitter_misc":{"Est. reading time":"2 minutes"},"schema":{"@context":"https:\/\/schema.org","@graph":[{"@type":"WebPage","@id":"https:\/\/walkthink.es\/en\/walkthink-news\/","url":"https:\/\/walkthink.es\/en\/walkthink-news\/","name":"walk[think] news | Walk[Think]","isPartOf":{"@id":"https:\/\/walkthink.es\/en\/#website"},"primaryImageOfPage":{"@id":"https:\/\/walkthink.es\/en\/walkthink-news\/#primaryimage"},"image":{"@id":"https:\/\/walkthink.es\/en\/walkthink-news\/#primaryimage"},"thumbnailUrl":"https:\/\/walkthink.es\/wp-content\/uploads\/2023\/07\/1920X400-CABECERA-POST-EXPOS.jpg","datePublished":"2022-03-24T14:23:47+00:00","dateModified":"2023-09-22T10:32:19+00:00","breadcrumb":{"@id":"https:\/\/walkthink.es\/en\/walkthink-news\/#breadcrumb"},"inLanguage":"en-US","potentialAction":[{"@type":"ReadAction","target":["https:\/\/walkthink.es\/en\/walkthink-news\/"]}]},{"@type":"ImageObject","inLanguage":"en-US","@id":"https:\/\/walkthink.es\/en\/walkthink-news\/#primaryimage","url":"https:\/\/walkthink.es\/wp-content\/uploads\/2023\/07\/1920X400-CABECERA-POST-EXPOS.jpg","contentUrl":"https:\/\/walkthink.es\/wp-content\/uploads\/2023\/07\/1920X400-CABECERA-POST-EXPOS.jpg"},{"@type":"BreadcrumbList","@id":"https:\/\/walkthink.es\/en\/walkthink-news\/#breadcrumb","itemListElement":[{"@type":"ListItem","position":1,"name":"Portada","item":"https:\/\/walkthink.es\/en\/"},{"@type":"ListItem","position":2,"name":"walk[think] news"}]},{"@type":"WebSite","@id":"https:\/\/walkthink.es\/en\/#website","url":"https:\/\/walkthink.es\/en\/","name":"Walk[Think]","description":"Creative Business","publisher":{"@id":"https:\/\/walkthink.es\/en\/#organization"},"potentialAction":[{"@type":"SearchAction","target":{"@type":"EntryPoint","urlTemplate":"https:\/\/walkthink.es\/en\/?s={search_term_string}"},"query-input":{"@type":"PropertyValueSpecification","valueRequired":true,"valueName":"search_term_string"}}],"inLanguage":"en-US"},{"@type":"Organization","@id":"https:\/\/walkthink.es\/en\/#organization","name":"Walk[Think]","url":"https:\/\/walkthink.es\/en\/","logo":{"@type":"ImageObject","inLanguage":"en-US","@id":"https:\/\/walkthink.es\/en\/#\/schema\/logo\/image\/","url":"https:\/\/walkthink.es\/wp-content\/uploads\/2023\/02\/cropped-favicon.png","contentUrl":"https:\/\/walkthink.es\/wp-content\/uploads\/2023\/02\/cropped-favicon.png","width":512,"height":512,"caption":"Walk[Think]"},"image":{"@id":"https:\/\/walkthink.es\/en\/#\/schema\/logo\/image\/"}}]}},"_links":{"self":[{"href":"https:\/\/walkthink.es\/en\/wp-json\/wp\/v2\/pages\/5917","targetHints":{"allow":["GET"]}}],"collection":[{"href":"https:\/\/walkthink.es\/en\/wp-json\/wp\/v2\/pages"}],"about":[{"href":"https:\/\/walkthink.es\/en\/wp-json\/wp\/v2\/types\/page"}],"author":[{"embeddable":true,"href":"https:\/\/walkthink.es\/en\/wp-json\/wp\/v2\/users\/4"}],"replies":[{"embeddable":true,"href":"https:\/\/walkthink.es\/en\/wp-json\/wp\/v2\/comments?post=5917"}],"version-history":[{"count":5,"href":"https:\/\/walkthink.es\/en\/wp-json\/wp\/v2\/pages\/5917\/revisions"}],"predecessor-version":[{"id":6237,"href":"https:\/\/walkthink.es\/en\/wp-json\/wp\/v2\/pages\/5917\/revisions\/6237"}],"wp:attachment":[{"href":"https:\/\/walkthink.es\/en\/wp-json\/wp\/v2\/media?parent=5917"}],"curies":[{"name":"wp","href":"https:\/\/api.w.org\/{rel}","templated":true}]}}